{"id":14,"date":"2012-01-30T13:17:41","date_gmt":"2012-01-30T12:17:41","guid":{"rendered":"https:\/\/mittgym.se\/solna\/?page_id=14"},"modified":"2022-05-13T19:55:36","modified_gmt":"2022-05-13T17:55:36","slug":"om-oss","status":"publish","type":"page","link":"https:\/\/mittgym.se\/solna\/om-oss\/","title":{"rendered":"Om oss"},"content":{"rendered":"<h1 style=\"text-align: center\">Om oss<\/h1>\n<h2 style=\"text-align: center\">MittGym &#8211; tr\u00e4ning i toppklass n\u00e4ra dig<\/h2>\n<p style=\"text-align: center\">MittGym \u00e4r ditt trevliga kvartersgym i Solna d\u00e4r alla oavsett tr\u00e4ningserfarenhet \u00e4r v\u00e4lkomna att tr\u00e4na i fr\u00e4scha lokaler med grymt bra maskiner och utrustning till ett l\u00e5gt m\u00e5nadspris. Vi har \u00f6ppet alla dagar i veckan mellan kl 05.00-23.00 f\u00f6r att du ska kunna tr\u00e4na n\u00e4r du vill och har tid.<\/p>\n<h2><\/h2>\n","protected":false},"excerpt":{"rendered":"<p>Om oss MittGym &#8211; tr\u00e4ning i toppklass n\u00e4ra dig MittGym \u00e4r ditt trevliga kvartersgym i Solna d\u00e4r alla oavsett tr\u00e4ningserfarenhet \u00e4r v\u00e4lkomna att tr\u00e4na i&#8230;<\/p>\n","protected":false},"author":1,"featured_media":0,"parent":0,"menu_order":20,"comment_status":"closed","ping_status":"closed","template":"","meta":{"_acf_changed":false,"footnotes":""},"class_list":["post-14","page","type-page","status-publish","hentry"],"acf":[],"yoast_head":"<!-- This site is optimized with the Yoast SEO plugin v27.1.1 - https:\/\/yoast.com\/product\/yoast-seo-wordpress\/ -->\n<title>Om oss - MittGym Solna<\/title>\n<meta name=\"robots\" content=\"index, follow, max-snippet:-1, max-image-preview:large, max-video-preview:-1\" \/>\n<link rel=\"canonical\" href=\"https:\/\/mittgym.se\/solna\/om-oss\/\" \/>\n<meta property=\"og:locale\" content=\"sv_SE\" \/>\n<meta property=\"og:type\" content=\"article\" \/>\n<meta property=\"og:title\" content=\"Om oss - MittGym Solna\" \/>\n<meta property=\"og:description\" content=\"Om oss MittGym &#8211; tr\u00e4ning i toppklass n\u00e4ra dig MittGym \u00e4r ditt trevliga kvartersgym i Solna d\u00e4r alla oavsett tr\u00e4ningserfarenhet \u00e4r v\u00e4lkomna att tr\u00e4na i...\" \/>\n<meta property=\"og:url\" content=\"https:\/\/mittgym.se\/solna\/om-oss\/\" \/>\n<meta property=\"og:site_name\" content=\"MittGym Solna\" \/>\n<meta property=\"article:publisher\" content=\"https:\/\/www.facebook.com\/mittgym.se\/solna\/\" \/>\n<meta property=\"article:modified_time\" content=\"2022-05-13T17:55:36+00:00\" \/>\n<meta property=\"og:image\" content=\"https:\/\/mittgym.se\/solna\/wp-content\/uploads\/sites\/2\/2017\/03\/mittgym-og-default.jpg\" \/>\n\t<meta property=\"og:image:width\" content=\"500\" \/>\n\t<meta property=\"og:image:height\" content=\"500\" \/>\n\t<meta property=\"og:image:type\" content=\"image\/jpeg\" \/>\n<meta name=\"twitter:card\" content=\"summary_large_image\" \/>\n<script type=\"application\/ld+json\" class=\"yoast-schema-graph\">{\"@context\":\"https:\/\/schema.org\",\"@graph\":[{\"@type\":\"WebPage\",\"@id\":\"https:\/\/mittgym.se\/solna\/om-oss\/\",\"url\":\"https:\/\/mittgym.se\/solna\/om-oss\/\",\"name\":\"Om oss - MittGym Solna\",\"isPartOf\":{\"@id\":\"https:\/\/mittgym.se\/solna\/#website\"},\"datePublished\":\"2012-01-30T12:17:41+00:00\",\"dateModified\":\"2022-05-13T17:55:36+00:00\",\"breadcrumb\":{\"@id\":\"https:\/\/mittgym.se\/solna\/om-oss\/#breadcrumb\"},\"inLanguage\":\"sv-SE\",\"potentialAction\":[{\"@type\":\"ReadAction\",\"target\":[\"https:\/\/mittgym.se\/solna\/om-oss\/\"]}]},{\"@type\":\"BreadcrumbList\",\"@id\":\"https:\/\/mittgym.se\/solna\/om-oss\/#breadcrumb\",\"itemListElement\":[{\"@type\":\"ListItem\",\"position\":1,\"name\":\"Hem\",\"item\":\"https:\/\/mittgym.se\/solna\/\"},{\"@type\":\"ListItem\",\"position\":2,\"name\":\"Om oss\"}]},{\"@type\":\"WebSite\",\"@id\":\"https:\/\/mittgym.se\/solna\/#website\",\"url\":\"https:\/\/mittgym.se\/solna\/\",\"name\":\"MittGym Solna\",\"description\":\"\",\"publisher\":{\"@id\":\"https:\/\/mittgym.se\/solna\/#organization\"},\"potentialAction\":[{\"@type\":\"SearchAction\",\"target\":{\"@type\":\"EntryPoint\",\"urlTemplate\":\"https:\/\/mittgym.se\/solna\/?s={search_term_string}\"},\"query-input\":{\"@type\":\"PropertyValueSpecification\",\"valueRequired\":true,\"valueName\":\"search_term_string\"}}],\"inLanguage\":\"sv-SE\"},{\"@type\":\"Organization\",\"@id\":\"https:\/\/mittgym.se\/solna\/#organization\",\"name\":\"MittGym\",\"url\":\"https:\/\/mittgym.se\/solna\/\",\"logo\":{\"@type\":\"ImageObject\",\"inLanguage\":\"sv-SE\",\"@id\":\"https:\/\/mittgym.se\/solna\/#\/schema\/logo\/image\/\",\"url\":\"https:\/\/mittgym.se\/solna\/wp-content\/uploads\/sites\/2\/2017\/03\/mittgym-og-default.jpg\",\"contentUrl\":\"https:\/\/mittgym.se\/solna\/wp-content\/uploads\/sites\/2\/2017\/03\/mittgym-og-default.jpg\",\"width\":500,\"height\":500,\"caption\":\"MittGym\"},\"image\":{\"@id\":\"https:\/\/mittgym.se\/solna\/#\/schema\/logo\/image\/\"},\"sameAs\":[\"https:\/\/www.facebook.com\/mittgym.se\/solna\/\",\"https:\/\/www.instagram.com\/mittgym\/\"]}]}<\/script>\n<!-- \/ Yoast SEO plugin. -->","yoast_head_json":{"title":"Om oss - MittGym Solna","robots":{"index":"index","follow":"follow","max-snippet":"max-snippet:-1","max-image-preview":"max-image-preview:large","max-video-preview":"max-video-preview:-1"},"canonical":"https:\/\/mittgym.se\/solna\/om-oss\/","og_locale":"sv_SE","og_type":"article","og_title":"Om oss - MittGym Solna","og_description":"Om oss MittGym &#8211; tr\u00e4ning i toppklass n\u00e4ra dig MittGym \u00e4r ditt trevliga kvartersgym i Solna d\u00e4r alla oavsett tr\u00e4ningserfarenhet \u00e4r v\u00e4lkomna att tr\u00e4na i...","og_url":"https:\/\/mittgym.se\/solna\/om-oss\/","og_site_name":"MittGym Solna","article_publisher":"https:\/\/www.facebook.com\/mittgym.se\/solna\/","article_modified_time":"2022-05-13T17:55:36+00:00","og_image":[{"width":500,"height":500,"url":"https:\/\/mittgym.se\/solna\/wp-content\/uploads\/sites\/2\/2017\/03\/mittgym-og-default.jpg","type":"image\/jpeg"}],"twitter_card":"summary_large_image","schema":{"@context":"https:\/\/schema.org","@graph":[{"@type":"WebPage","@id":"https:\/\/mittgym.se\/solna\/om-oss\/","url":"https:\/\/mittgym.se\/solna\/om-oss\/","name":"Om oss - MittGym Solna","isPartOf":{"@id":"https:\/\/mittgym.se\/solna\/#website"},"datePublished":"2012-01-30T12:17:41+00:00","dateModified":"2022-05-13T17:55:36+00:00","breadcrumb":{"@id":"https:\/\/mittgym.se\/solna\/om-oss\/#breadcrumb"},"inLanguage":"sv-SE","potentialAction":[{"@type":"ReadAction","target":["https:\/\/mittgym.se\/solna\/om-oss\/"]}]},{"@type":"BreadcrumbList","@id":"https:\/\/mittgym.se\/solna\/om-oss\/#breadcrumb","itemListElement":[{"@type":"ListItem","position":1,"name":"Hem","item":"https:\/\/mittgym.se\/solna\/"},{"@type":"ListItem","position":2,"name":"Om oss"}]},{"@type":"WebSite","@id":"https:\/\/mittgym.se\/solna\/#website","url":"https:\/\/mittgym.se\/solna\/","name":"MittGym Solna","description":"","publisher":{"@id":"https:\/\/mittgym.se\/solna\/#organization"},"potentialAction":[{"@type":"SearchAction","target":{"@type":"EntryPoint","urlTemplate":"https:\/\/mittgym.se\/solna\/?s={search_term_string}"},"query-input":{"@type":"PropertyValueSpecification","valueRequired":true,"valueName":"search_term_string"}}],"inLanguage":"sv-SE"},{"@type":"Organization","@id":"https:\/\/mittgym.se\/solna\/#organization","name":"MittGym","url":"https:\/\/mittgym.se\/solna\/","logo":{"@type":"ImageObject","inLanguage":"sv-SE","@id":"https:\/\/mittgym.se\/solna\/#\/schema\/logo\/image\/","url":"https:\/\/mittgym.se\/solna\/wp-content\/uploads\/sites\/2\/2017\/03\/mittgym-og-default.jpg","contentUrl":"https:\/\/mittgym.se\/solna\/wp-content\/uploads\/sites\/2\/2017\/03\/mittgym-og-default.jpg","width":500,"height":500,"caption":"MittGym"},"image":{"@id":"https:\/\/mittgym.se\/solna\/#\/schema\/logo\/image\/"},"sameAs":["https:\/\/www.facebook.com\/mittgym.se\/solna\/","https:\/\/www.instagram.com\/mittgym\/"]}]}},"_links":{"self":[{"href":"https:\/\/mittgym.se\/solna\/wp-json\/wp\/v2\/pages\/14","targetHints":{"allow":["GET"]}}],"collection":[{"href":"https:\/\/mittgym.se\/solna\/wp-json\/wp\/v2\/pages"}],"about":[{"href":"https:\/\/mittgym.se\/solna\/wp-json\/wp\/v2\/types\/page"}],"author":[{"embeddable":true,"href":"https:\/\/mittgym.se\/solna\/wp-json\/wp\/v2\/users\/1"}],"replies":[{"embeddable":true,"href":"https:\/\/mittgym.se\/solna\/wp-json\/wp\/v2\/comments?post=14"}],"version-history":[{"count":35,"href":"https:\/\/mittgym.se\/solna\/wp-json\/wp\/v2\/pages\/14\/revisions"}],"predecessor-version":[{"id":2902,"href":"https:\/\/mittgym.se\/solna\/wp-json\/wp\/v2\/pages\/14\/revisions\/2902"}],"wp:attachment":[{"href":"https:\/\/mittgym.se\/solna\/wp-json\/wp\/v2\/media?parent=14"}],"curies":[{"name":"wp","href":"https:\/\/api.w.org\/{rel}","templated":true}]}}