{"id":570,"date":"2012-06-10T14:56:32","date_gmt":"2012-06-10T13:56:32","guid":{"rendered":"https:\/\/mittgym.se\/solna\/?page_id=570"},"modified":"2024-12-09T10:23:36","modified_gmt":"2024-12-09T09:23:36","slug":"mittgym-foretag","status":"publish","type":"page","link":"https:\/\/mittgym.se\/solna\/medlemskap-priser\/mittgym-foretag\/","title":{"rendered":"MittGym F\u00f6retag"},"content":{"rendered":"<h1 style=\"text-align: center\">Tr\u00e4ningsgl\u00e4dje med jobbet<\/h1>\n<p style=\"text-align: center\">F\u00f6retag som satsar p\u00e5 tr\u00e4ning och h\u00e4lsa ger en friskare och roligare arbetsplats, och sj\u00e4lvklart vill MittGym vara med och bidra till tr\u00e4ningsgl\u00e4dje och inspiration p\u00e5 ditt f\u00f6retag!<\/p>\n<p style=\"text-align: center\">Tr\u00e4ningskort, skr\u00e4ddarsydda gruppklasser b\u00e5de p\u00e5 plats, utomhus eller online, personlig tr\u00e4ning i sm\u00e5 grupper, kickoff och inspirationsf\u00f6rel\u00e4sningar \u00e4r bara exempel p\u00e5 s\u00e5dant som MittGym g\u00e4rna hj\u00e4lper ditt f\u00f6retag med. Kontakta oss s\u00e5 kan vi prata mer om hur MittGym kan hj\u00e4lpa till att g\u00f6ra ert f\u00f6retag friskare. Vi utg\u00e5r alltid ifr\u00e5n era behov, \u00f6nskem\u00e5l och er budget.<\/p>\n<p style=\"text-align: center\"><a class=\"btn\" href=\"mailto:info@mittgym.se\">Kontakta oss<\/a><\/p>\n<h1 style=\"text-align: center\">\u00c4T NYTTIGT OCH JOBBA B\u00c4TTRE<\/h1>\n<p style=\"text-align: center\">Catering fr\u00e5n MittCaf\u00e9 \u00e4r det sj\u00e4lvklara valet f\u00f6r ditt f\u00f6retag om du s\u00f6ker frukost och lunch f\u00f6r era jobbm\u00f6ten. Med v\u00e5rt fantastiskt goda och h\u00e4lsosamma utbud f\u00e5r du r\u00e4tt f\u00f6ruts\u00e4ttningar f\u00f6r trevliga, effektiva och givande m\u00f6ten. Kombinera er f\u00f6retagstr\u00e4ning med n\u00e5got gott fr\u00e5n <a href=\"https:\/\/mittcafe.se\">MittCaf\u00e9<\/a>.<\/p>\n","protected":false},"excerpt":{"rendered":"<p>Tr\u00e4ningsgl\u00e4dje med jobbet F\u00f6retag som satsar p\u00e5 tr\u00e4ning och h\u00e4lsa ger en friskare och roligare arbetsplats, och sj\u00e4lvklart vill MittGym vara med och bidra till&#8230;<\/p>\n","protected":false},"author":1,"featured_media":0,"parent":17,"menu_order":21,"comment_status":"closed","ping_status":"closed","template":"","meta":{"_acf_changed":false,"footnotes":""},"class_list":["post-570","page","type-page","status-publish","hentry"],"acf":[],"yoast_head":"<!-- This site is optimized with the Yoast SEO plugin v27.1.1 - https:\/\/yoast.com\/product\/yoast-seo-wordpress\/ -->\n<title>MittGym F\u00f6retag - MittGym Solna<\/title>\n<meta name=\"robots\" content=\"index, follow, max-snippet:-1, max-image-preview:large, max-video-preview:-1\" \/>\n<link rel=\"canonical\" href=\"https:\/\/mittgym.se\/solna\/medlemskap-priser\/mittgym-foretag\/\" \/>\n<meta property=\"og:locale\" content=\"sv_SE\" \/>\n<meta property=\"og:type\" content=\"article\" \/>\n<meta property=\"og:title\" content=\"MittGym F\u00f6retag - MittGym Solna\" \/>\n<meta property=\"og:description\" content=\"Tr\u00e4ningsgl\u00e4dje med jobbet F\u00f6retag som satsar p\u00e5 tr\u00e4ning och h\u00e4lsa ger en friskare och roligare arbetsplats, och sj\u00e4lvklart vill MittGym vara med och bidra till...\" \/>\n<meta property=\"og:url\" content=\"https:\/\/mittgym.se\/solna\/medlemskap-priser\/mittgym-foretag\/\" \/>\n<meta property=\"og:site_name\" content=\"MittGym Solna\" \/>\n<meta property=\"article:publisher\" content=\"https:\/\/www.facebook.com\/mittgym.se\/solna\/\" \/>\n<meta property=\"article:modified_time\" content=\"2024-12-09T09:23:36+00:00\" \/>\n<meta property=\"og:image\" content=\"https:\/\/mittgym.se\/solna\/wp-content\/uploads\/sites\/2\/2017\/03\/mittgym-og-default.jpg\" \/>\n\t<meta property=\"og:image:width\" content=\"500\" \/>\n\t<meta property=\"og:image:height\" content=\"500\" \/>\n\t<meta property=\"og:image:type\" content=\"image\/jpeg\" \/>\n<meta name=\"twitter:card\" content=\"summary_large_image\" \/>\n<meta name=\"twitter:label1\" content=\"Ber\u00e4knad l\u00e4stid\" \/>\n\t<meta name=\"twitter:data1\" content=\"1 minut\" \/>\n<script type=\"application\/ld+json\" class=\"yoast-schema-graph\">{\"@context\":\"https:\/\/schema.org\",\"@graph\":[{\"@type\":\"WebPage\",\"@id\":\"https:\/\/mittgym.se\/solna\/medlemskap-priser\/mittgym-foretag\/\",\"url\":\"https:\/\/mittgym.se\/solna\/medlemskap-priser\/mittgym-foretag\/\",\"name\":\"MittGym F\u00f6retag - MittGym Solna\",\"isPartOf\":{\"@id\":\"https:\/\/mittgym.se\/solna\/#website\"},\"datePublished\":\"2012-06-10T13:56:32+00:00\",\"dateModified\":\"2024-12-09T09:23:36+00:00\",\"breadcrumb\":{\"@id\":\"https:\/\/mittgym.se\/solna\/medlemskap-priser\/mittgym-foretag\/#breadcrumb\"},\"inLanguage\":\"sv-SE\",\"potentialAction\":[{\"@type\":\"ReadAction\",\"target\":[\"https:\/\/mittgym.se\/solna\/medlemskap-priser\/mittgym-foretag\/\"]}]},{\"@type\":\"BreadcrumbList\",\"@id\":\"https:\/\/mittgym.se\/solna\/medlemskap-priser\/mittgym-foretag\/#breadcrumb\",\"itemListElement\":[{\"@type\":\"ListItem\",\"position\":1,\"name\":\"Hem\",\"item\":\"https:\/\/mittgym.se\/solna\/\"},{\"@type\":\"ListItem\",\"position\":2,\"name\":\"Medlemskap &amp; priser\",\"item\":\"https:\/\/mittgym.se\/solna\/medlemskap-priser\/\"},{\"@type\":\"ListItem\",\"position\":3,\"name\":\"MittGym F\u00f6retag\"}]},{\"@type\":\"WebSite\",\"@id\":\"https:\/\/mittgym.se\/solna\/#website\",\"url\":\"https:\/\/mittgym.se\/solna\/\",\"name\":\"MittGym Solna\",\"description\":\"\",\"publisher\":{\"@id\":\"https:\/\/mittgym.se\/solna\/#organization\"},\"potentialAction\":[{\"@type\":\"SearchAction\",\"target\":{\"@type\":\"EntryPoint\",\"urlTemplate\":\"https:\/\/mittgym.se\/solna\/?s={search_term_string}\"},\"query-input\":{\"@type\":\"PropertyValueSpecification\",\"valueRequired\":true,\"valueName\":\"search_term_string\"}}],\"inLanguage\":\"sv-SE\"},{\"@type\":\"Organization\",\"@id\":\"https:\/\/mittgym.se\/solna\/#organization\",\"name\":\"MittGym\",\"url\":\"https:\/\/mittgym.se\/solna\/\",\"logo\":{\"@type\":\"ImageObject\",\"inLanguage\":\"sv-SE\",\"@id\":\"https:\/\/mittgym.se\/solna\/#\/schema\/logo\/image\/\",\"url\":\"https:\/\/mittgym.se\/solna\/wp-content\/uploads\/sites\/2\/2017\/03\/mittgym-og-default.jpg\",\"contentUrl\":\"https:\/\/mittgym.se\/solna\/wp-content\/uploads\/sites\/2\/2017\/03\/mittgym-og-default.jpg\",\"width\":500,\"height\":500,\"caption\":\"MittGym\"},\"image\":{\"@id\":\"https:\/\/mittgym.se\/solna\/#\/schema\/logo\/image\/\"},\"sameAs\":[\"https:\/\/www.facebook.com\/mittgym.se\/solna\/\",\"https:\/\/www.instagram.com\/mittgym\/\"]}]}<\/script>\n<!-- \/ Yoast SEO plugin. -->","yoast_head_json":{"title":"MittGym F\u00f6retag - MittGym Solna","robots":{"index":"index","follow":"follow","max-snippet":"max-snippet:-1","max-image-preview":"max-image-preview:large","max-video-preview":"max-video-preview:-1"},"canonical":"https:\/\/mittgym.se\/solna\/medlemskap-priser\/mittgym-foretag\/","og_locale":"sv_SE","og_type":"article","og_title":"MittGym F\u00f6retag - MittGym Solna","og_description":"Tr\u00e4ningsgl\u00e4dje med jobbet F\u00f6retag som satsar p\u00e5 tr\u00e4ning och h\u00e4lsa ger en friskare och roligare arbetsplats, och sj\u00e4lvklart vill MittGym vara med och bidra till...","og_url":"https:\/\/mittgym.se\/solna\/medlemskap-priser\/mittgym-foretag\/","og_site_name":"MittGym Solna","article_publisher":"https:\/\/www.facebook.com\/mittgym.se\/solna\/","article_modified_time":"2024-12-09T09:23:36+00:00","og_image":[{"width":500,"height":500,"url":"https:\/\/mittgym.se\/solna\/wp-content\/uploads\/sites\/2\/2017\/03\/mittgym-og-default.jpg","type":"image\/jpeg"}],"twitter_card":"summary_large_image","twitter_misc":{"Ber\u00e4knad l\u00e4stid":"1 minut"},"schema":{"@context":"https:\/\/schema.org","@graph":[{"@type":"WebPage","@id":"https:\/\/mittgym.se\/solna\/medlemskap-priser\/mittgym-foretag\/","url":"https:\/\/mittgym.se\/solna\/medlemskap-priser\/mittgym-foretag\/","name":"MittGym F\u00f6retag - MittGym Solna","isPartOf":{"@id":"https:\/\/mittgym.se\/solna\/#website"},"datePublished":"2012-06-10T13:56:32+00:00","dateModified":"2024-12-09T09:23:36+00:00","breadcrumb":{"@id":"https:\/\/mittgym.se\/solna\/medlemskap-priser\/mittgym-foretag\/#breadcrumb"},"inLanguage":"sv-SE","potentialAction":[{"@type":"ReadAction","target":["https:\/\/mittgym.se\/solna\/medlemskap-priser\/mittgym-foretag\/"]}]},{"@type":"BreadcrumbList","@id":"https:\/\/mittgym.se\/solna\/medlemskap-priser\/mittgym-foretag\/#breadcrumb","itemListElement":[{"@type":"ListItem","position":1,"name":"Hem","item":"https:\/\/mittgym.se\/solna\/"},{"@type":"ListItem","position":2,"name":"Medlemskap &amp; priser","item":"https:\/\/mittgym.se\/solna\/medlemskap-priser\/"},{"@type":"ListItem","position":3,"name":"MittGym F\u00f6retag"}]},{"@type":"WebSite","@id":"https:\/\/mittgym.se\/solna\/#website","url":"https:\/\/mittgym.se\/solna\/","name":"MittGym Solna","description":"","publisher":{"@id":"https:\/\/mittgym.se\/solna\/#organization"},"potentialAction":[{"@type":"SearchAction","target":{"@type":"EntryPoint","urlTemplate":"https:\/\/mittgym.se\/solna\/?s={search_term_string}"},"query-input":{"@type":"PropertyValueSpecification","valueRequired":true,"valueName":"search_term_string"}}],"inLanguage":"sv-SE"},{"@type":"Organization","@id":"https:\/\/mittgym.se\/solna\/#organization","name":"MittGym","url":"https:\/\/mittgym.se\/solna\/","logo":{"@type":"ImageObject","inLanguage":"sv-SE","@id":"https:\/\/mittgym.se\/solna\/#\/schema\/logo\/image\/","url":"https:\/\/mittgym.se\/solna\/wp-content\/uploads\/sites\/2\/2017\/03\/mittgym-og-default.jpg","contentUrl":"https:\/\/mittgym.se\/solna\/wp-content\/uploads\/sites\/2\/2017\/03\/mittgym-og-default.jpg","width":500,"height":500,"caption":"MittGym"},"image":{"@id":"https:\/\/mittgym.se\/solna\/#\/schema\/logo\/image\/"},"sameAs":["https:\/\/www.facebook.com\/mittgym.se\/solna\/","https:\/\/www.instagram.com\/mittgym\/"]}]}},"_links":{"self":[{"href":"https:\/\/mittgym.se\/solna\/wp-json\/wp\/v2\/pages\/570","targetHints":{"allow":["GET"]}}],"collection":[{"href":"https:\/\/mittgym.se\/solna\/wp-json\/wp\/v2\/pages"}],"about":[{"href":"https:\/\/mittgym.se\/solna\/wp-json\/wp\/v2\/types\/page"}],"author":[{"embeddable":true,"href":"https:\/\/mittgym.se\/solna\/wp-json\/wp\/v2\/users\/1"}],"replies":[{"embeddable":true,"href":"https:\/\/mittgym.se\/solna\/wp-json\/wp\/v2\/comments?post=570"}],"version-history":[{"count":13,"href":"https:\/\/mittgym.se\/solna\/wp-json\/wp\/v2\/pages\/570\/revisions"}],"predecessor-version":[{"id":3135,"href":"https:\/\/mittgym.se\/solna\/wp-json\/wp\/v2\/pages\/570\/revisions\/3135"}],"up":[{"embeddable":true,"href":"https:\/\/mittgym.se\/solna\/wp-json\/wp\/v2\/pages\/17"}],"wp:attachment":[{"href":"https:\/\/mittgym.se\/solna\/wp-json\/wp\/v2\/media?parent=570"}],"curies":[{"name":"wp","href":"https:\/\/api.w.org\/{rel}","templated":true}]}}