{"id":77,"date":"2012-02-01T10:10:08","date_gmt":"2012-02-01T09:10:08","guid":{"rendered":"https:\/\/mittgym.se\/solna\/wp\/?page_id=77"},"modified":"2025-11-19T13:58:23","modified_gmt":"2025-11-19T12:58:23","slug":"kort-priser","status":"publish","type":"page","link":"https:\/\/mittgym.se\/solna\/medlemskap-priser\/kort-priser\/","title":{"rendered":"Kort &amp; priser"},"content":{"rendered":"<h2 style=\"text-align: center\">\u00c5rskort 389:- \/m\u00e5nad<\/h2>\n<p style=\"text-align: center\">Bindningstid 12 m\u00e5nader. Full tillg\u00e5ng till gymmet 05-23 och grupptr\u00e4ning.<\/p>\n<p style=\"text-align: center\">Du kan v\u00e4lja mellan tv\u00e5 olika betalningss\u00e4tt: M\u00e5nadsvis dragning via autogiro eller faktura p\u00e5 hela beloppet. F\u00f6r alla nya medlemskap debiteras en startavgift p\u00e5 600:-. Startavgiften debiteras i samband med din f\u00f6rsta m\u00e5nadsbetalning alternativt tillkommer p\u00e5 din faktura.<\/p>\n<h2 style=\"text-align: center\">M\u00e5nadskort 489:- \/m\u00e5nad<\/h2>\n<p style=\"text-align: center\">Ingen bindningstid. En m\u00e5nads upps\u00e4gning. Full tillg\u00e5ng till gymmet 05-23 och grupptr\u00e4ning.<\/p>\n<p style=\"text-align: center\">Du kan v\u00e4lja mellan tv\u00e5 olika betalningss\u00e4tt: M\u00e5nadsvis dragning via autogiro eller faktura p\u00e5 hela beloppet. F\u00f6r alla nya medlemskap debiteras en startavgift p\u00e5 600:-. Startavgiften debiteras i samband med din f\u00f6rsta m\u00e5nadsbetalning alternativt tillkommer p\u00e5 din faktura.<\/p>\n","protected":false},"excerpt":{"rendered":"<p>\u00c5rskort 389:- \/m\u00e5nad Bindningstid 12 m\u00e5nader. Full tillg\u00e5ng till gymmet 05-23 och grupptr\u00e4ning. Du kan v\u00e4lja mellan tv\u00e5 olika betalningss\u00e4tt: M\u00e5nadsvis dragning via autogiro eller&#8230;<\/p>\n","protected":false},"author":1,"featured_media":0,"parent":17,"menu_order":20,"comment_status":"closed","ping_status":"closed","template":"","meta":{"_acf_changed":false,"footnotes":""},"class_list":["post-77","page","type-page","status-publish","hentry"],"acf":[],"yoast_head":"<!-- This site is optimized with the Yoast SEO plugin v27.1.1 - https:\/\/yoast.com\/product\/yoast-seo-wordpress\/ -->\n<title>Kort &amp; priser - MittGym Solna<\/title>\n<meta name=\"robots\" content=\"index, follow, max-snippet:-1, max-image-preview:large, max-video-preview:-1\" \/>\n<link rel=\"canonical\" href=\"https:\/\/mittgym.se\/solna\/medlemskap-priser\/kort-priser\/\" \/>\n<meta property=\"og:locale\" content=\"sv_SE\" \/>\n<meta property=\"og:type\" content=\"article\" \/>\n<meta property=\"og:title\" content=\"Kort &amp; priser - MittGym Solna\" \/>\n<meta property=\"og:description\" content=\"\u00c5rskort 389:- \/m\u00e5nad Bindningstid 12 m\u00e5nader. Full tillg\u00e5ng till gymmet 05-23 och grupptr\u00e4ning. Du kan v\u00e4lja mellan tv\u00e5 olika betalningss\u00e4tt: M\u00e5nadsvis dragning via autogiro eller...\" \/>\n<meta property=\"og:url\" content=\"https:\/\/mittgym.se\/solna\/medlemskap-priser\/kort-priser\/\" \/>\n<meta property=\"og:site_name\" content=\"MittGym Solna\" \/>\n<meta property=\"article:publisher\" content=\"https:\/\/www.facebook.com\/mittgym.se\/solna\/\" \/>\n<meta property=\"article:modified_time\" content=\"2025-11-19T12:58:23+00:00\" \/>\n<meta property=\"og:image\" content=\"https:\/\/mittgym.se\/solna\/wp-content\/uploads\/sites\/2\/2017\/03\/mittgym-og-default.jpg\" \/>\n\t<meta property=\"og:image:width\" content=\"500\" \/>\n\t<meta property=\"og:image:height\" content=\"500\" \/>\n\t<meta property=\"og:image:type\" content=\"image\/jpeg\" \/>\n<meta name=\"twitter:card\" content=\"summary_large_image\" \/>\n<meta name=\"twitter:label1\" content=\"Ber\u00e4knad l\u00e4stid\" \/>\n\t<meta name=\"twitter:data1\" content=\"1 minut\" \/>\n<script type=\"application\/ld+json\" class=\"yoast-schema-graph\">{\"@context\":\"https:\/\/schema.org\",\"@graph\":[{\"@type\":\"WebPage\",\"@id\":\"https:\/\/mittgym.se\/solna\/medlemskap-priser\/kort-priser\/\",\"url\":\"https:\/\/mittgym.se\/solna\/medlemskap-priser\/kort-priser\/\",\"name\":\"Kort &amp; priser - MittGym Solna\",\"isPartOf\":{\"@id\":\"https:\/\/mittgym.se\/solna\/#website\"},\"datePublished\":\"2012-02-01T09:10:08+00:00\",\"dateModified\":\"2025-11-19T12:58:23+00:00\",\"breadcrumb\":{\"@id\":\"https:\/\/mittgym.se\/solna\/medlemskap-priser\/kort-priser\/#breadcrumb\"},\"inLanguage\":\"sv-SE\",\"potentialAction\":[{\"@type\":\"ReadAction\",\"target\":[\"https:\/\/mittgym.se\/solna\/medlemskap-priser\/kort-priser\/\"]}]},{\"@type\":\"BreadcrumbList\",\"@id\":\"https:\/\/mittgym.se\/solna\/medlemskap-priser\/kort-priser\/#breadcrumb\",\"itemListElement\":[{\"@type\":\"ListItem\",\"position\":1,\"name\":\"Hem\",\"item\":\"https:\/\/mittgym.se\/solna\/\"},{\"@type\":\"ListItem\",\"position\":2,\"name\":\"Medlemskap &amp; priser\",\"item\":\"https:\/\/mittgym.se\/solna\/medlemskap-priser\/\"},{\"@type\":\"ListItem\",\"position\":3,\"name\":\"Kort &amp; priser\"}]},{\"@type\":\"WebSite\",\"@id\":\"https:\/\/mittgym.se\/solna\/#website\",\"url\":\"https:\/\/mittgym.se\/solna\/\",\"name\":\"MittGym Solna\",\"description\":\"\",\"publisher\":{\"@id\":\"https:\/\/mittgym.se\/solna\/#organization\"},\"potentialAction\":[{\"@type\":\"SearchAction\",\"target\":{\"@type\":\"EntryPoint\",\"urlTemplate\":\"https:\/\/mittgym.se\/solna\/?s={search_term_string}\"},\"query-input\":{\"@type\":\"PropertyValueSpecification\",\"valueRequired\":true,\"valueName\":\"search_term_string\"}}],\"inLanguage\":\"sv-SE\"},{\"@type\":\"Organization\",\"@id\":\"https:\/\/mittgym.se\/solna\/#organization\",\"name\":\"MittGym\",\"url\":\"https:\/\/mittgym.se\/solna\/\",\"logo\":{\"@type\":\"ImageObject\",\"inLanguage\":\"sv-SE\",\"@id\":\"https:\/\/mittgym.se\/solna\/#\/schema\/logo\/image\/\",\"url\":\"https:\/\/mittgym.se\/solna\/wp-content\/uploads\/sites\/2\/2017\/03\/mittgym-og-default.jpg\",\"contentUrl\":\"https:\/\/mittgym.se\/solna\/wp-content\/uploads\/sites\/2\/2017\/03\/mittgym-og-default.jpg\",\"width\":500,\"height\":500,\"caption\":\"MittGym\"},\"image\":{\"@id\":\"https:\/\/mittgym.se\/solna\/#\/schema\/logo\/image\/\"},\"sameAs\":[\"https:\/\/www.facebook.com\/mittgym.se\/solna\/\",\"https:\/\/www.instagram.com\/mittgym\/\"]}]}<\/script>\n<!-- \/ Yoast SEO plugin. -->","yoast_head_json":{"title":"Kort &amp; priser - MittGym Solna","robots":{"index":"index","follow":"follow","max-snippet":"max-snippet:-1","max-image-preview":"max-image-preview:large","max-video-preview":"max-video-preview:-1"},"canonical":"https:\/\/mittgym.se\/solna\/medlemskap-priser\/kort-priser\/","og_locale":"sv_SE","og_type":"article","og_title":"Kort &amp; priser - MittGym Solna","og_description":"\u00c5rskort 389:- \/m\u00e5nad Bindningstid 12 m\u00e5nader. Full tillg\u00e5ng till gymmet 05-23 och grupptr\u00e4ning. Du kan v\u00e4lja mellan tv\u00e5 olika betalningss\u00e4tt: M\u00e5nadsvis dragning via autogiro eller...","og_url":"https:\/\/mittgym.se\/solna\/medlemskap-priser\/kort-priser\/","og_site_name":"MittGym Solna","article_publisher":"https:\/\/www.facebook.com\/mittgym.se\/solna\/","article_modified_time":"2025-11-19T12:58:23+00:00","og_image":[{"width":500,"height":500,"url":"https:\/\/mittgym.se\/solna\/wp-content\/uploads\/sites\/2\/2017\/03\/mittgym-og-default.jpg","type":"image\/jpeg"}],"twitter_card":"summary_large_image","twitter_misc":{"Ber\u00e4knad l\u00e4stid":"1 minut"},"schema":{"@context":"https:\/\/schema.org","@graph":[{"@type":"WebPage","@id":"https:\/\/mittgym.se\/solna\/medlemskap-priser\/kort-priser\/","url":"https:\/\/mittgym.se\/solna\/medlemskap-priser\/kort-priser\/","name":"Kort &amp; priser - MittGym Solna","isPartOf":{"@id":"https:\/\/mittgym.se\/solna\/#website"},"datePublished":"2012-02-01T09:10:08+00:00","dateModified":"2025-11-19T12:58:23+00:00","breadcrumb":{"@id":"https:\/\/mittgym.se\/solna\/medlemskap-priser\/kort-priser\/#breadcrumb"},"inLanguage":"sv-SE","potentialAction":[{"@type":"ReadAction","target":["https:\/\/mittgym.se\/solna\/medlemskap-priser\/kort-priser\/"]}]},{"@type":"BreadcrumbList","@id":"https:\/\/mittgym.se\/solna\/medlemskap-priser\/kort-priser\/#breadcrumb","itemListElement":[{"@type":"ListItem","position":1,"name":"Hem","item":"https:\/\/mittgym.se\/solna\/"},{"@type":"ListItem","position":2,"name":"Medlemskap &amp; priser","item":"https:\/\/mittgym.se\/solna\/medlemskap-priser\/"},{"@type":"ListItem","position":3,"name":"Kort &amp; priser"}]},{"@type":"WebSite","@id":"https:\/\/mittgym.se\/solna\/#website","url":"https:\/\/mittgym.se\/solna\/","name":"MittGym Solna","description":"","publisher":{"@id":"https:\/\/mittgym.se\/solna\/#organization"},"potentialAction":[{"@type":"SearchAction","target":{"@type":"EntryPoint","urlTemplate":"https:\/\/mittgym.se\/solna\/?s={search_term_string}"},"query-input":{"@type":"PropertyValueSpecification","valueRequired":true,"valueName":"search_term_string"}}],"inLanguage":"sv-SE"},{"@type":"Organization","@id":"https:\/\/mittgym.se\/solna\/#organization","name":"MittGym","url":"https:\/\/mittgym.se\/solna\/","logo":{"@type":"ImageObject","inLanguage":"sv-SE","@id":"https:\/\/mittgym.se\/solna\/#\/schema\/logo\/image\/","url":"https:\/\/mittgym.se\/solna\/wp-content\/uploads\/sites\/2\/2017\/03\/mittgym-og-default.jpg","contentUrl":"https:\/\/mittgym.se\/solna\/wp-content\/uploads\/sites\/2\/2017\/03\/mittgym-og-default.jpg","width":500,"height":500,"caption":"MittGym"},"image":{"@id":"https:\/\/mittgym.se\/solna\/#\/schema\/logo\/image\/"},"sameAs":["https:\/\/www.facebook.com\/mittgym.se\/solna\/","https:\/\/www.instagram.com\/mittgym\/"]}]}},"_links":{"self":[{"href":"https:\/\/mittgym.se\/solna\/wp-json\/wp\/v2\/pages\/77","targetHints":{"allow":["GET"]}}],"collection":[{"href":"https:\/\/mittgym.se\/solna\/wp-json\/wp\/v2\/pages"}],"about":[{"href":"https:\/\/mittgym.se\/solna\/wp-json\/wp\/v2\/types\/page"}],"author":[{"embeddable":true,"href":"https:\/\/mittgym.se\/solna\/wp-json\/wp\/v2\/users\/1"}],"replies":[{"embeddable":true,"href":"https:\/\/mittgym.se\/solna\/wp-json\/wp\/v2\/comments?post=77"}],"version-history":[{"count":23,"href":"https:\/\/mittgym.se\/solna\/wp-json\/wp\/v2\/pages\/77\/revisions"}],"predecessor-version":[{"id":3244,"href":"https:\/\/mittgym.se\/solna\/wp-json\/wp\/v2\/pages\/77\/revisions\/3244"}],"up":[{"embeddable":true,"href":"https:\/\/mittgym.se\/solna\/wp-json\/wp\/v2\/pages\/17"}],"wp:attachment":[{"href":"https:\/\/mittgym.se\/solna\/wp-json\/wp\/v2\/media?parent=77"}],"curies":[{"name":"wp","href":"https:\/\/api.w.org\/{rel}","templated":true}]}}